{"id":9,"date":"2018-12-06T10:07:39","date_gmt":"2018-12-06T10:07:39","guid":{"rendered":"https:\/\/www.frauen-in-nuernberg.de\/?page_id=9"},"modified":"2026-04-13T20:25:22","modified_gmt":"2026-04-13T20:25:22","slug":"aktivitaeten","status":"publish","type":"page","link":"https:\/\/www.frauen-in-nuernberg.de\/?page_id=9","title":{"rendered":"Aktivit\u00e4ten"},"content":{"rendered":"<h3><span style=\"font-size: 35px; font-weight: bold; color: #7e1587;\">Gemeinsame Aktionen<br \/>\n<\/span><span style=\"font-size: 35px; font-weight: bold; color: #7e1587;\">der letzten Jahre:<\/span><\/h3>\n<div id=\"content\">\n<div class=\"csc-header csc-header-n1\">\n<p><img loading=\"lazy\" decoding=\"async\" class=\"spacer-gif\" title=\"\" src=\"https:\/\/www.frauen-in-nuernberg.de\/clear.gif\" alt=\"\" width=\"1\" height=\"5\" border=\"0\" \/>Von Beginn an<\/p>\n<\/div>\n<div class=\"csc-textpic-text\">\n<ul>\n<li>Gemeinsame Empfehlungen f\u00fcr Frauenf\u00f6rderpreise<\/li>\n<li>Gemeinsame Empfehlungen an Stiftungen zur F\u00f6rderung einzelner Einrichtungen<\/li>\n<li>Gemeinsame Schreiben an politische Gremien bez\u00fcglich \u00f6ffentlicher F\u00f6rderung<\/li>\n<li>Demo zum Frauentag: Hungerloch-Transparent (Applikationen auf gro\u00dfen Bettt\u00fcchern &#8211; Logos und Spr\u00fcche)<\/li>\n<li>Demo wegen Zuschussk\u00fcrzungen: \u201eWir wollen nicht nur ein St\u00fcck vom Kuchen \u2013 wir wollen die halbe B\u00e4ckerei\u201c<\/li>\n<li>Aktion im Rathaus: 1. FCN (1. FrauenClubN\u00fcrnberg) \u2013 wir sind mehr als 50% und wollen auch mehr!!<\/li>\n<li>\u00a0Aktion im Rathaus: Nur noch kleine Pl\u00e4tzchen f\u00fcr die Frauen? (Mini-Kekse verteilt)<\/li>\n<li>Mehrfach gemeinsame Teilnahme am N\u00fcrnberger Gesundheitsmarkt mit Puzzle- und Gewinnspielen und Informationen &#8222;Frauenweg zur Gesundheit&#8220;<\/li>\n<li>Frauenstadtplan N\u00fcrnberg herausgegeben 1998<\/li>\n<li>Teilnahme an der 1. und 2. Fr\u00e4nkischen Frauenmesse in N\u00fcrnberg (1999+2000)<\/li>\n<li>\u00a0Aktion im Rathaus: Mit Frauen ist gut Stadt zu machen (Rosen an die R\u00e4te und R\u00e4tinnen)<\/li>\n<li><strong><span style=\"color: #b201b8;\">Ab 2004 finden alle zwei Jahre FrauenFilmTage mit speziellen Dokumentationen und Spielfilmen, die das Leben und Schaffen von Frauen weltweit in den Vordergrund stellen und somit die internationale feministische Diskussion weiter anregen und fortschreiben, statt:<\/span><\/strong><\/li>\n<li>\u00a0 <a href=\"https:\/\/www.frauen-in-nuernberg.de\/wp-content\/uploads\/2020\/07\/2004-FrauenFilmTage.pdf\" target=\"_blank\" rel=\"noopener\">2004-FrauenFilmTage<\/a><\/li>\n<li><a class=\"download\" title=\"\" href=\"https:\/\/www.frauen-in-nuernberg.de\/fileadmin\/Redakteure_Upload\/projekt-texte\/FlyerFrauenFilmTage.pdf\" target=\"_blank\" rel=\"noopener\">FrauenFilmTage 2006<\/a><\/li>\n<li><a class=\"download\" title=\"\" href=\"https:\/\/www.frauen-in-nuernberg.de\/fileadmin\/Redakteure_Upload\/projekt-texte\/FrauenFilmTage2009-Programm.pdf\" target=\"_blank\" rel=\"noopener\">FrauenFilmTage 2009<\/a>\u00a0mit\u00a0<a class=\"download\" title=\"\" href=\"https:\/\/www.frauen-in-nuernberg.de\/fileadmin\/Redakteure_Upload\/projekt-texte\/ausstellungFFT2009.pdf\" target=\"_blank\" rel=\"noopener\">Ausstellung<\/a><\/li>\n<li><a class=\"download\" title=\"\" href=\"https:\/\/www.frauen-in-nuernberg.de\/fileadmin\/Redakteure_Upload\/projekt-texte\/fft11-web.pdf\" target=\"_blank\" rel=\"noopener\">FrauenFilmTage 2011<\/a>\u00a0&#8211; Frauenrechte-Frauenpower<\/li>\n<li><a class=\"download\" title=\"\" href=\"https:\/\/www.frauen-in-nuernberg.de\/fileadmin\/Redakteure_Upload\/projekt-texte\/fft13-web.pdf\">FrauenFilmTage 2013<\/a>\u00a0&#8211; Starke Frauen<\/li>\n<li><a class=\"download\" title=\"\" href=\"https:\/\/www.frauen-in-nuernberg.de\/fileadmin\/Redakteure_Upload\/projekt-texte\/fft15-web.pdf\">FrauenFilmTage 2015<\/a>\u00a0\u00a0 mit Vortrag Frau Christina Th\u00fcrmer-Rohr &#8222;<a class=\"download\" title=\"\" href=\"https:\/\/www.frauen-in-nuernberg.de\/fileadmin\/Redakteure_Upload\/projekt-texte\/DER_FEMINISMUS_UND_DIE_TRAGOEDIE_DES_SCHWEIGENS_von_Frau_Christina_Thuermer.pdf\">Der Feminismus und die Trag\u00f6die des Schweigens&#8220;<\/a><\/li>\n<li><a class=\"external-link-new-window\" title=\"\" href=\"http:\/\/www.nordbayern.de\/region\/nuernberg\/zu-dieser-damenrunde-durfen-auch-herren-kommen-1.4232029\" target=\"_blank\" rel=\"noopener\">Presse zu den FrauenFilmTagen 2015-1<\/a><\/li>\n<li><a class=\"external-link-new-window\" title=\"\" href=\"http:\/\/www.nordbayern.de\/freizeit\/kino\/der-wundersame-katzenfisch-1.3785071\" target=\"_blank\" rel=\"noopener\">Presse zu den FrauenFilmTagen 2015-2<\/a><\/li>\n<li><strong>2016: Weg<span style=\"color: #b201b8;\">bereit<\/span>erinnen &#8211; Weg<span style=\"color: #b201b8;\">begleit<\/span>erinnen.<\/strong> Spaziergang durch die Stadt der Frauen zu Stationen des Feminismus in N\u00fcrnberg. Veranstaltet von MuFFFiN in Kooperation mit der Historikerin Nadja Bennewitz u. A. <a href=\"https:\/\/www.frauen-in-nuernberg.de\/wp-content\/uploads\/2019\/09\/2016_Wegbereiterinnen_Wegbegleiterinnen_Spaziergang.pdf\">2016_Wegbereiterinnen_Wegbegleiterinnen_Spaziergang<\/a> <a href=\"https:\/\/www.frauen-in-nuernberg.de\/wp-content\/uploads\/2019\/09\/MuFFFiN-Spaziergang-plakat-v3.pdf\">MuFFFiN-Spaziergang-plakat-v3<\/a><\/li>\n<li><a class=\"download\" title=\"\" href=\"https:\/\/www.frauen-in-nuernberg.de\/fileadmin\/Redakteure_Upload\/projekt-texte\/fft17-web2.pdf\" target=\"_blank\" rel=\"noopener\"><strong>FrauenFilmtage 2017<\/strong><\/a>\u00a0&#8211; Die feministische Diskussion geht weiter<br \/>\n<a class=\"download\" title=\"\" href=\"https:\/\/www.frauen-in-nuernberg.de\/fileadmin\/Redakteure_Upload\/projekt-texte\/2017-FFT-presse.pdf\" target=\"_blank\" rel=\"noopener\">Presse<\/a>\u00a0zu den FrauenFilmTagen 2017<\/li>\n<li><strong>2018:<\/strong> <em><strong>100 Jahre Frauenwahlrecht<\/strong><\/em> &#8211; die besondere Ausstellung, konzipiert und erstellt vom MuFFFiN <strong><span style=\"color: #b201b8;\">Frauen: Wahl &#8211; Recht &#8211; Freiheit<\/span><br \/>\n<\/strong> Presse \/ <a href=\"https:\/\/www.frauen-in-nuernberg.de\/wp-content\/uploads\/2019\/05\/2018-MuFFFiN-Ausstellung-Flyer-quer-web.pdf\">2018-MuFFFiN-Ausstellung-Flyer<\/a><\/li>\n<li><strong>8. FrauenFilmTage 2019<\/strong> &#8211; Frauen: stark, intelligent, aufm\u00fcpfig, lustig und forsch!<br \/>\nPresse <a href=\"https:\/\/www.frauen-in-nuernberg.de\/wp-content\/uploads\/2019\/02\/2019-02-25-NN-artikel-FFT.pdf\">2019-02-25-NN-artikel-FFT<\/a><br \/>\nFlyer <a href=\"https:\/\/www.frauen-in-nuernberg.de\/wp-content\/uploads\/2019\/02\/fft19-web2-1.pdf\">Flyer 8. Frauenfilmtage 2019<\/a><\/li>\n<li><strong>9. FrauenFilmTage 2021 &#8211; digital<\/strong> mit vier Filmen von und \u00fcber voll einsatzbereite Frauen in Staats-Politik, bei Asyl f\u00fcr Frauen und gegen religi\u00f6se Rituale.<img loading=\"lazy\" decoding=\"async\" class=\" wp-image-1113 alignright\" src=\"https:\/\/www.frauen-in-nuernberg.de\/wp-content\/uploads\/2021\/02\/fft-digital-banner-frauenseite-300x85.png\" alt=\"\" width=\"367\" height=\"104\" srcset=\"https:\/\/www.frauen-in-nuernberg.de\/wp-content\/uploads\/2021\/02\/fft-digital-banner-frauenseite-300x85.png 300w, https:\/\/www.frauen-in-nuernberg.de\/wp-content\/uploads\/2021\/02\/fft-digital-banner-frauenseite-768x219.png 768w, https:\/\/www.frauen-in-nuernberg.de\/wp-content\/uploads\/2021\/02\/fft-digital-banner-frauenseite-1024x291.png 1024w, https:\/\/www.frauen-in-nuernberg.de\/wp-content\/uploads\/2021\/02\/fft-digital-banner-frauenseite.png 1300w\" sizes=\"auto, (max-width: 367px) 100vw, 367px\" \/><br \/>\nPandemiebedingt wurden die FFT in Kooperation mit dem Filmhaus N\u00fcrnberg KINO3 ins digitale Medium verlagert. Filmgespr\u00e4che erfolgten per ZOOM.<br \/>\nDer Film &#8222;Die DOHNAL&#8220; exclusiv als Preview, da bis dato noch nicht im Kino, konnte 24 Stunden gestreamt werden. Die Filme &#8222;Wir k\u00e4mpfen um jede Einzelne &#8211; das Internationale FrauenCaf\u00e9\/Rosa Asyl N\u00fcrnberg&#8220;, &#8222;Angst habe ich keine &#8211; Regina Kiwanuka&#8220; und &#8222;Gott existiert &#8211; ihr Name ist Petrunya&#8220;, waren bis 31.03.2021 \u00fcber eine Freundinnenkarte f\u00fcr 10 \u20ac zu sehen. <a href=\"https:\/\/www.frauen-in-nuernberg.de\/wp-content\/uploads\/2021\/03\/Nuernberger_Nachrichten_20210227_Frauenfilmtage.pdf\" target=\"_blank\" rel=\"noopener\">Nuernberger_Nachrichten_20210227_Frauenfilmtage<\/a><\/li>\n<\/ul>\n<p><em><span style=\"color: #b2167f;\">2021, 2022 und 2023 <\/span>wurden weiter Filme Digital und auch wieder in Pr\u00e4senz gezeigt. S. Extraseite. <span style=\"color: #b2167f;\">Ab 2025 \u00fcbernahme das FilmhausKino die Gestaltung mit der neuen Bezeichnung <strong>Feministische FilmTage<\/strong>.<\/span><\/em><\/p>\n<ul>\n<li><a class=\"download\" title=\"\" href=\"https:\/\/www.frauen-in-nuernberg.de\/fileadmin\/Redakteure_Upload\/projekt-texte\/25.November-TdF-Text.pdf\" target=\"_blank\" rel=\"noopener\"><strong><span style=\"color: #b201b8;\">Anti-Gewalt-Fahnen-Aktion<\/span><\/strong><\/a><span style=\"color: #b201b8;\"><strong>:<\/strong><\/span> 1. Fahnenhissung an der Stadtbibliothek mit Samba-Musik zum Internationalen Tag gegen Gewalt an Frauen 25.11.2002<\/li>\n<li><strong>Anti-Gewalt-Fahnen-Aktion:<\/strong> Fahnenhissung am Gewerkschaftshaus mit Reden Ida Hiller, Maria Ulbrich und Saxophonmusik am 25.11.2003<\/li>\n<li><strong><span class=\"important\">Fahnen-Aktionen<\/span><\/strong>\u00a0mit themenbezogenen Veranstaltungen jedes Jahr zum 25.11. (2004-2011): inzwischen viele Anti-Gewalt-Fahnen an verschiedenen Orten in N\u00fcrnberg &#8222;Frei leben ohne Gewalt&#8220;\u00a0<a href=\"https:\/\/www.frauen-in-nuernberg.de\/fileadmin\/Redakteure_Upload\/projekt-texte\/25.November2011-TdF-Text-hoch.pdf\">(Info)<\/a><\/li>\n<li><strong>2008 zum Anti-Gewalt-Tag<\/strong>\u00a0zeigte das MuFFFiN den Film <span style=\"color: #b2167f;\"><strong><em>&#8222;\u00d6ffne meine Augen&#8220;<\/em> <\/strong><\/span>und bot anschlie\u00dfend eine moderierte Gespr\u00e4chsrunde.\u00a0<a class=\"download\" title=\"\" href=\"https:\/\/www.frauen-in-nuernberg.de\/fileadmin\/Redakteure_Upload\/projekt-texte\/2008Antigewalttag-NBG2.pdf\" target=\"_blank\" rel=\"noopener\">Flyer<\/a><br \/>\n16 Fahnen <span style=\"color: #b2167f;\"><em>&#8222;frei leben ohne gewalt&#8220;<\/em><\/span> wurden in N\u00fcrnberg gehisst.<\/li>\n<li><strong>2009 zum Anti-Gewalt-Tag<\/strong>\u00a0gestaltete das <span style=\"color: #b2167f;\">MuFFFiN<\/span> einen\u00a0<a class=\"download\" title=\"\" href=\"https:\/\/www.frauen-in-nuernberg.de\/fileadmin\/Redakteure_Upload\/projekt-texte\/Frauen-Film-Tag_Antigewalt.pdf\" target=\"_blank\" rel=\"noopener\">Kino-Abend<\/a>\u00a0unter dem Motto\u00a0<span class=\"important\"><span style=\"color: #7e1587;\">SICH ERFOLGREICH WEHREN<\/span>\u00a0<\/span>mit Filmen vom Frauennotruf\u00a0 Ludwigsburg und von Auge&amp;Ohr Berlin, Titel: &#8222;Mit den Waffen einer Frau&#8220;.<br \/>\n18 Fahnen &#8222;Leben ohne Gewalt&#8220; wehen in N\u00fcrnberg an \u00f6ffentlichen Geb\u00e4uden und Orten\u00a0 2-4 Wochen lang.<\/li>\n<li><strong>2010 zum Anti-Gewalt-Tag &#8211;\u00a0<\/strong><a class=\"download\" title=\"\" href=\"https:\/\/www.frauen-in-nuernberg.de\/fileadmin\/Redakteure_Upload\/projekt-texte\/antigewalt-film-flyer-2010-web.pdf\" target=\"_blank\" rel=\"noopener\">Filmabend<\/a>\u00a0im Casablanca <span style=\"color: #7e1587;\">SALON KATJA<\/span> von G\u00fclseren Suzan \u00fcber Ehre, Moral und andere Kleinigkeiten<\/li>\n<li><strong>2011 zum Anti-Gewalt-Tag<\/strong>\u00a0&#8211; Demo mit Trommelwirbel\u00a0<span class=\"important\"><strong>&#8222;Wir setzen Zeichen &#8211; machen Sie mit&#8220;<\/strong>\u00a0<\/span>und anschl. Diskussion zu struktureller Gewalt und Diskriminierung am Arbeitsplatz.<br \/>\n<a class=\"download\" title=\"\" href=\"https:\/\/www.frauen-in-nuernberg.de\/fileadmin\/Redakteure_Upload\/projekt-texte\/AGT2011-kurzbericht-mB.pdf\" target=\"_blank\" rel=\"noopener\">Bericht<\/a>\u00a0 \/\u00a0\u00a0<a href=\"https:\/\/www.frauen-in-nuernberg.de\/fileadmin\/Redakteure_Upload\/projekt-texte\/antigewalttag-flyer-11-web.pdf\">Flyer<\/a><\/li>\n<li><strong>2012 zum Anti-Gewalt-Tag<\/strong>\u00a0&#8211;\u00a0<span style=\"color: #b2167f;\"><em><strong><span class=\"important\">Kassandras Spiegel<\/span><\/strong><\/em><\/span>\u00a0&#8211; ein kluger Theaterabend der D\u00f6ring\u00b4schen Theaterwerkstatt;<br \/>\nMehr als 20 Fahnen und Banner werden in N\u00fcrnberg an \u00f6ffentlichen Geb\u00e4uden gehisst;\u00a0<a href=\"https:\/\/www.frauen-in-nuernberg.de\/fileadmin\/Redakteure_Upload\/projekt-texte\/2012antigewalttag-karte-final.pdf\">Flyer<\/a><\/li>\n<li><strong>2013 zum Anti-Gewalt-Tag<\/strong>\u00a0&#8211;<strong>\u00a0<\/strong>von 12.00-13.00 Uhr &#8211;\u00a0<strong><span class=\"important\">Aktion an der Lorenzkirche<\/span><\/strong>, N\u00fcrnberg &#8211;\u00a0<span class=\"important\">Wir fordern: <strong><span style=\"color: #7e1587;\">Schluss mit der Straffreiheit bei Vergewaltigungen<\/span><\/strong><\/span>\u00a0&#8211;\u00a0\u00a0<a class=\"download\" title=\"\" href=\"https:\/\/www.frauen-in-nuernberg.de\/fileadmin\/Redakteure_Upload\/projekt-texte\/plakat-selber-schuld4.pdf\" target=\"_blank\" rel=\"noopener\">Plakat<\/a>\u00a0\u00a0<a class=\"download\" title=\"\" href=\"https:\/\/www.frauen-in-nuernberg.de\/fileadmin\/Redakteure_Upload\/projekt-texte\/2013AGT-kurzbericht-mB-korr1.pdf\" target=\"_blank\" rel=\"noopener\">Kurzbericht<\/a><br \/>\nInfo TERE DES FEMMES:<a class=\"external-link-new-window\" title=\"\" href=\"http:\/\/www.frauenrechte.de\/\" target=\"_blank\" rel=\"noopener\">\u00a0www.frauenrechte.de\/<\/a><\/li>\n<li><strong>2014 zum Anti-Gewalt-Tag\u00a0<\/strong>&#8211; 12.30-13.30 Uhr &#8211;\u00a0<span class=\"important\">Aktion an der Lorenzkirche<\/span>, N\u00fcrnberg:<strong>\u00a0<\/strong><span style=\"color: #7e1587;\"><strong><span class=\"important\">NEIN zu sexisitischer Werbung<\/span><\/strong><\/span><br \/>\n<a class=\"download\" title=\"\" href=\"https:\/\/www.frauen-in-nuernberg.de\/fileadmin\/Redakteure_Upload\/projekt-texte\/25.November2014-Info.pdf\" target=\"_blank\" rel=\"noopener\">Info<\/a><strong>\u00a0&#8211;\u00a0<\/strong><a class=\"download\" title=\"\" href=\"https:\/\/www.frauen-in-nuernberg.de\/fileadmin\/Redakteure_Upload\/projekt-texte\/2014AGT-Bildgalerie.pdf\" target=\"_blank\" rel=\"noopener\">Kurzbericht<\/a><strong><br \/>\n<\/strong><\/li>\n<li><strong>2015 zum Anti-Gewalt-Tag<\/strong>\u00a0&#8211;\u00a0<span class=\"important\">N\u00fcrnberg zeigt Flagge gegen Gewalt an Frauen<\/span> <a class=\"download\" title=\"\" href=\"https:\/\/www.frauen-in-nuernberg.de\/fileadmin\/Redakteure_Upload\/projekt-texte\/25.November2015-Info-2.pdf\" target=\"_blank\" rel=\"noopener\">Info<\/a>\u00a0&#8211;\u00a0\u00a0<a class=\"download\" title=\"\" href=\"https:\/\/www.frauen-in-nuernberg.de\/fileadmin\/Redakteure_Upload\/projekt-texte\/2015Nuernberg_zeigt_Flagge-1.pdf\" target=\"_blank\" rel=\"noopener\">Galerie<\/a><\/li>\n<li><strong>2016 zum Anti-Gewalt-Tag &#8211;<br \/>\n<\/strong>Fahnenhissung an vielen \u00f6ffentlichen und privaten\u00a0 Geb\u00e4uden,\u00a0<span class=\"important\"><strong>Aktionsthema 2016<\/strong>: <strong><span style=\"color: #7e1587;\">Frauenspezifische Fluchtursachen<\/span><\/strong><\/span><br \/>\n<a class=\"download\" title=\"\" href=\"https:\/\/www.frauen-in-nuernberg.de\/fileadmin\/Redakteure_Upload\/projekt-texte\/2016-AGT-NN-bericht.pdf\" target=\"_blank\" rel=\"noopener\">NN-Bericht<\/a><strong>\u00a0\/\u00a0<\/strong><a class=\"download\" title=\"\" href=\"https:\/\/www.frauen-in-nuernberg.de\/fileadmin\/Redakteure_Upload\/projekt-texte\/IFC-25.November-2016-Info.pdf\" target=\"_blank\" rel=\"noopener\">IFC Veranstaltung<\/a><\/li>\n<li><strong>2017\/2018 ff zum Anti-Gewalt-Tag<\/strong>\u00a0&#8211; mit noch mehr Fahnen und Banner zeigt N\u00fcrnberg Flagge gegen Gewalt an Frauen und M\u00e4dchen, organisiert von der\u00a0 TdF-St\u00e4dtegruppe N\u00fcrnberg.<br \/>\n<span style=\"color: #7e1587;\">Frauenhaus N\u00fcrnberg, Internationales FrauenCaf\u00e9 und 8.M\u00e4rz-B\u00fcndnis-N\u00fcrnberg<\/span> waren mit Infost\u00e4nden und Aktionen zum Thema am Wei\u00dfen Turm vertreten.<br \/>\n<a class=\"download\" title=\"\" href=\"https:\/\/www.frauen-in-nuernberg.de\/fileadmin\/Redakteure_Upload\/projekt-texte\/2017-Praesentation-TDF-Fahnenaktion-Nuernberg.pdf\" target=\"_blank\" rel=\"noopener\">Galerie<\/a>\u00a0 \/\u00a0<a class=\"download\" title=\"\" href=\"https:\/\/www.frauen-in-nuernberg.de\/fileadmin\/Redakteure_Upload\/projekt-texte\/2017-Internationaler-Aufruf-zum-25.-November.pdf\" target=\"_blank\" rel=\"noopener\">Intern. Aufruf<\/a>\u00a0\/\u00a0<a class=\"download\" title=\"\" href=\"https:\/\/www.frauen-in-nuernberg.de\/fileadmin\/Redakteure_Upload\/projekt-texte\/IFC-Flyer_25.11.2017.pdf\" target=\"_blank\" rel=\"noopener\">Aktions-Info<\/a><\/li>\n<li><strong>2018<\/strong> &#8211; <span style=\"color: #b2167f;\">MuFFFiN<\/span> zeigt die Ausstellung zu 100-Jahre Frauenwahlrecht<br \/>\n<strong><span style=\"color: #b2167f;\">Frauen: Wahl-Recht-Freiheit<\/span><\/strong> &#8211; <a href=\"https:\/\/www.frauen-in-nuernberg.de\/wp-content\/uploads\/2019\/05\/2018-MuFFFiN-Ausstellung-Flyer-quer-web.pdf\" target=\"_blank\" rel=\"noopener\">2018-MuFFFiN-Ausstellung-Flyer<\/a><\/li>\n<li><strong>2019<\/strong> &#8211; MuFFFiN zeigt im Filmhaus den Dokumentarfilm<br \/>\n<span style=\"color: #7e1587;\"><strong><em>URMILA f\u00fcr die Freiheit<\/em><\/strong><\/span>. Anschl. Diskussionsrunde mit Christine Burmann, stellv. Frauenbeauftragte der Stadt N\u00fcrnberg und Fazaneh Ezati, Imedana\/Rosa Asyl\/Internat. Frauencaf\u00e9. <a href=\"https:\/\/www.frauen-in-nuernberg.de\/wp-content\/uploads\/2019\/11\/2019-Nov-MuFFFiN-Film-URMILA.pdf\" target=\"_blank\" rel=\"noopener\">Filminfo<\/a><\/li>\n<li>Die TdF-St\u00e4dtegruppe N\u00fcrnberg-Erlangen-F\u00fcrth organisiert seit 2017 weiterhin jedes Jahr zum <strong>Internationalen Tag gegen Gewalt an Frauen und M\u00e4dchen<\/strong> (25. November) die Fahnenaktion in N\u00fcrnberg. Immer mehr Fahnenorte kommen dazu. <strong><span style=\"color: #7e1587;\">N\u00fcrnberg zeigt Flagge!<\/span><\/strong><\/li>\n<\/ul>\n<\/div>\n<div class=\"csc-textpic csc-textpic-center csc-textpic-below\">\n<div class=\"csc-textpic-imagewrap\">\n<dl class=\"csc-textpic-image csc-textpic-firstcol\">\n<dt><\/dt>\n<\/dl>\n<dl class=\"csc-textpic-image csc-textpic-lastcol\">\n<dt><img loading=\"lazy\" decoding=\"async\" src=\"https:\/\/www.frauen-in-nuernberg.de\/typo3temp\/pics\/66d29e2b62.jpg\" alt=\"\" width=\"180\" height=\"135\" border=\"0\" \/><\/dt>\n<\/dl>\n<\/div>\n<\/div>\n<div class=\"csc-textpic-clear\"><\/div>\n<p class=\"bodytext\">\n<\/div>\n","protected":false},"excerpt":{"rendered":"<p>Gemeinsame Aktionen der letzten Jahre: Von Beginn an Gemeinsame Empfehlungen f\u00fcr Frauenf\u00f6rderpreise Gemeinsame Empfehlungen an Stiftungen zur F\u00f6rderung einzelner Einrichtungen Gemeinsame Schreiben an politische Gremien bez\u00fcglich \u00f6ffentlicher F\u00f6rderung Demo zum Frauentag: Hungerloch-Transparent (Applikationen auf gro\u00dfen Bettt\u00fcchern &#8211; Logos und Spr\u00fcche) Demo wegen Zuschussk\u00fcrzungen: \u201eWir wollen nicht nur ein St\u00fcck vom Kuchen \u2013 wir wollen die &hellip; <a href=\"https:\/\/www.frauen-in-nuernberg.de\/?page_id=9\" class=\"more-link\"><span class=\"screen-reader-text\">Aktivit\u00e4ten<\/span> weiterlesen<\/a><\/p>\n","protected":false},"author":1,"featured_media":0,"parent":0,"menu_order":0,"comment_status":"closed","ping_status":"closed","template":"","meta":{"footnotes":""},"class_list":["post-9","page","type-page","status-publish","hentry"],"_links":{"self":[{"href":"https:\/\/www.frauen-in-nuernberg.de\/index.php?rest_route=\/wp\/v2\/pages\/9","targetHints":{"allow":["GET"]}}],"collection":[{"href":"https:\/\/www.frauen-in-nuernberg.de\/index.php?rest_route=\/wp\/v2\/pages"}],"about":[{"href":"https:\/\/www.frauen-in-nuernberg.de\/index.php?rest_route=\/wp\/v2\/types\/page"}],"author":[{"embeddable":true,"href":"https:\/\/www.frauen-in-nuernberg.de\/index.php?rest_route=\/wp\/v2\/users\/1"}],"replies":[{"embeddable":true,"href":"https:\/\/www.frauen-in-nuernberg.de\/index.php?rest_route=%2Fwp%2Fv2%2Fcomments&post=9"}],"version-history":[{"count":33,"href":"https:\/\/www.frauen-in-nuernberg.de\/index.php?rest_route=\/wp\/v2\/pages\/9\/revisions"}],"predecessor-version":[{"id":2419,"href":"https:\/\/www.frauen-in-nuernberg.de\/index.php?rest_route=\/wp\/v2\/pages\/9\/revisions\/2419"}],"wp:attachment":[{"href":"https:\/\/www.frauen-in-nuernberg.de\/index.php?rest_route=%2Fwp%2Fv2%2Fmedia&parent=9"}],"curies":[{"name":"wp","href":"https:\/\/api.w.org\/{rel}","templated":true}]}}