{"id":7,"date":"2018-12-06T10:06:36","date_gmt":"2018-12-06T10:06:36","guid":{"rendered":"https:\/\/www.frauen-in-nuernberg.de\/?page_id=7"},"modified":"2025-05-14T19:07:11","modified_gmt":"2025-05-14T19:07:11","slug":"impressum","status":"publish","type":"page","link":"https:\/\/www.frauen-in-nuernberg.de\/?page_id=7","title":{"rendered":"Impressum"},"content":{"rendered":"<p><span style=\"font-size: 35px; font-weight: bold;\">Impressum<\/span><\/p>\n<div class=\"csc-header csc-header-n1\">\n<p><img loading=\"lazy\" decoding=\"async\" class=\"spacer-gif\" title=\"\" src=\"https:\/\/www.frauen-in-nuernberg.de\/clear.gif\" alt=\"\" width=\"1\" height=\"5\" border=\"0\" \/><\/p>\n<\/div>\n<p class=\"bodytext\"><strong>MuFFFiN<\/strong><strong>\u00a0&#8211; M\u00e4dchen und Frauen FachForum in N\u00fcrnberg<\/strong><\/p>\n<p class=\"bodytext\"><strong>E-Mail:<\/strong> <a href=\"mailto:termine@mufffin.de\" target=\"_blank\" rel=\"noopener\">termine@mufffin.de<\/a><br \/>\n<strong>Internet:<\/strong>\u00a0www.frauen-in-nuernberg.de<\/p>\n<p>Vertretungsberechtigte und<br \/>\nInhaltlich Verantwortliche gem\u00e4\u00df \u00a7 55 Abs. 2 RStV:<\/p>\n<p class=\"bodytext\"><span style=\"color: #c308b8;\">Annelie Matthiesen<\/span><br \/>\n<strong>Telefon:<\/strong>\u00a0+49 0911 &#8211; 682563<br \/>\n<strong>E-Mail:<\/strong> <a href=\"mailto:termine@mufffin.de\" target=\"_blank\" rel=\"noopener\">termine@mufffin.de<\/a><\/p>\n<p class=\"bodytext\"><span class=\"important\">Webdesign:<\/span>\u00a0Silvia G\u00fcnther, Diplomdesignerin (FH)<br \/>\n<a href=\"http:\/\/www.formsicher.de\/\" target=\"_blank\" rel=\"noopener\">http:\/\/www.formsicher.de\/<\/a><\/p>\n<h1>Haftungshinweis:<\/h1>\n<p class=\"bodytext\">Trotz sorgf\u00e4ltiger inhaltlicher Kontrolle \u00fcbernehmen wir keine Haftung f\u00fcr die Inhalte externer Links. F\u00fcr den Inhalt der verlinkten Seiten sind ausschlie\u00dflich deren Betreiber\/innen verantwortlich.<\/p>\n","protected":false},"excerpt":{"rendered":"<p>Impressum MuFFFiN\u00a0&#8211; M\u00e4dchen und Frauen FachForum in N\u00fcrnberg E-Mail: termine@mufffin.de Internet:\u00a0www.frauen-in-nuernberg.de Vertretungsberechtigte und Inhaltlich Verantwortliche gem\u00e4\u00df \u00a7 55 Abs. 2 RStV: Annelie Matthiesen Telefon:\u00a0+49 0911 &#8211; 682563 E-Mail: termine@mufffin.de Webdesign:\u00a0Silvia G\u00fcnther, Diplomdesignerin (FH) http:\/\/www.formsicher.de\/ Haftungshinweis: Trotz sorgf\u00e4ltiger inhaltlicher Kontrolle \u00fcbernehmen wir keine Haftung f\u00fcr die Inhalte externer Links. F\u00fcr den Inhalt der verlinkten Seiten sind &hellip; <a href=\"https:\/\/www.frauen-in-nuernberg.de\/?page_id=7\" class=\"more-link\"><span class=\"screen-reader-text\">Impressum<\/span> weiterlesen<\/a><\/p>\n","protected":false},"author":1,"featured_media":0,"parent":0,"menu_order":0,"comment_status":"closed","ping_status":"closed","template":"","meta":{"footnotes":""},"class_list":["post-7","page","type-page","status-publish","hentry"],"_links":{"self":[{"href":"https:\/\/www.frauen-in-nuernberg.de\/index.php?rest_route=\/wp\/v2\/pages\/7","targetHints":{"allow":["GET"]}}],"collection":[{"href":"https:\/\/www.frauen-in-nuernberg.de\/index.php?rest_route=\/wp\/v2\/pages"}],"about":[{"href":"https:\/\/www.frauen-in-nuernberg.de\/index.php?rest_route=\/wp\/v2\/types\/page"}],"author":[{"embeddable":true,"href":"https:\/\/www.frauen-in-nuernberg.de\/index.php?rest_route=\/wp\/v2\/users\/1"}],"replies":[{"embeddable":true,"href":"https:\/\/www.frauen-in-nuernberg.de\/index.php?rest_route=%2Fwp%2Fv2%2Fcomments&post=7"}],"version-history":[{"count":17,"href":"https:\/\/www.frauen-in-nuernberg.de\/index.php?rest_route=\/wp\/v2\/pages\/7\/revisions"}],"predecessor-version":[{"id":2202,"href":"https:\/\/www.frauen-in-nuernberg.de\/index.php?rest_route=\/wp\/v2\/pages\/7\/revisions\/2202"}],"wp:attachment":[{"href":"https:\/\/www.frauen-in-nuernberg.de\/index.php?rest_route=%2Fwp%2Fv2%2Fmedia&parent=7"}],"curies":[{"name":"wp","href":"https:\/\/api.w.org\/{rel}","templated":true}]}}