{"id":58,"date":"2018-12-06T14:34:40","date_gmt":"2018-12-06T14:34:40","guid":{"rendered":"https:\/\/www.frauen-in-nuernberg.de\/?page_id=58"},"modified":"2025-06-05T18:09:51","modified_gmt":"2025-06-05T18:09:51","slug":"ueberblick","status":"publish","type":"page","link":"https:\/\/www.frauen-in-nuernberg.de\/?page_id=58","title":{"rendered":"\u00dcberblick"},"content":{"rendered":"<p><img loading=\"lazy\" decoding=\"async\" class=\"alignright wp-image-293\" src=\"https:\/\/www.frauen-in-nuernberg.de\/wp-content\/uploads\/2019\/02\/femitastisch-276x300.png\" alt=\"\" width=\"248\" height=\"270\" srcset=\"https:\/\/www.frauen-in-nuernberg.de\/wp-content\/uploads\/2019\/02\/femitastisch-276x300.png 276w, https:\/\/www.frauen-in-nuernberg.de\/wp-content\/uploads\/2019\/02\/femitastisch.png 400w\" sizes=\"auto, (max-width: 248px) 100vw, 248px\" \/>Zur Zeit besteht MuFFFiN aus 16 Frauenfachstellen mit spezifischen Angeboten f\u00fcr Frauen und M\u00e4dchen. \u00a0Die genauen Adressen sind unter <a href=\"https:\/\/www.frauen-in-nuernberg.de\/?page_id=12\">&#8222;Von A bis Z&#8220;<\/a> aufgelistet.<\/p>\n<p>Zus\u00e4tzlich gibt es auch im <a href=\"https:\/\/www.frauen-in-nuernberg.de\/?page_id=16\">erweiterten Netzwerk<\/a> interessante Anlaufstellen.<\/p>\n<p>Das <span style=\"color: #b201b8;\"><em>M\u00e4dchen und Frauen Fachforum in N\u00fcrnberg<\/em><\/span> ist\u00a0seit Jahren als feministische Organisation\u00a0im AGENDA-Rat 21 der Stadt N\u00fcrnberg\u00a0 vertreten.\u00a0Die <a href=\"https:\/\/www.nuernberg.de\/internet\/agenda21\/was_ist_agenda21.html\" target=\"_blank\" rel=\"noopener\">AGENDA 21<\/a> steht f\u00fcr die beim gr\u00f6\u00dften Umweltgipfel in Rio de Janeiro 1992 beschlossenen Ziele zur nachhaltigen Entwicklung unserer Lebensgrundlagen. Hier ZIEL 5: Gleichstellung und Selbstbestimmtheit f\u00fcr alle Geschlechter.<br \/>\n<a href=\"https:\/\/www.nuernberg.de\/internet\/agenda21\/runde_tische.html\" target=\"_blank\" rel=\"noopener\">agenda21\/runde-tische\/soziale nachhaltigkeit<\/a><\/p>\n","protected":false},"excerpt":{"rendered":"<p>Zur Zeit besteht MuFFFiN aus 16 Frauenfachstellen mit spezifischen Angeboten f\u00fcr Frauen und M\u00e4dchen. \u00a0Die genauen Adressen sind unter &#8222;Von A bis Z&#8220; aufgelistet. Zus\u00e4tzlich gibt es auch im erweiterten Netzwerk interessante Anlaufstellen. Das M\u00e4dchen und Frauen Fachforum in N\u00fcrnberg ist\u00a0seit Jahren als feministische Organisation\u00a0im AGENDA-Rat 21 der Stadt N\u00fcrnberg\u00a0 vertreten.\u00a0Die AGENDA 21 steht f\u00fcr &hellip; <a href=\"https:\/\/www.frauen-in-nuernberg.de\/?page_id=58\" class=\"more-link\"><span class=\"screen-reader-text\">\u00dcberblick<\/span> weiterlesen<\/a><\/p>\n","protected":false},"author":1,"featured_media":0,"parent":0,"menu_order":0,"comment_status":"closed","ping_status":"closed","template":"","meta":{"footnotes":""},"class_list":["post-58","page","type-page","status-publish","hentry"],"_links":{"self":[{"href":"https:\/\/www.frauen-in-nuernberg.de\/index.php?rest_route=\/wp\/v2\/pages\/58","targetHints":{"allow":["GET"]}}],"collection":[{"href":"https:\/\/www.frauen-in-nuernberg.de\/index.php?rest_route=\/wp\/v2\/pages"}],"about":[{"href":"https:\/\/www.frauen-in-nuernberg.de\/index.php?rest_route=\/wp\/v2\/types\/page"}],"author":[{"embeddable":true,"href":"https:\/\/www.frauen-in-nuernberg.de\/index.php?rest_route=\/wp\/v2\/users\/1"}],"replies":[{"embeddable":true,"href":"https:\/\/www.frauen-in-nuernberg.de\/index.php?rest_route=%2Fwp%2Fv2%2Fcomments&post=58"}],"version-history":[{"count":13,"href":"https:\/\/www.frauen-in-nuernberg.de\/index.php?rest_route=\/wp\/v2\/pages\/58\/revisions"}],"predecessor-version":[{"id":2213,"href":"https:\/\/www.frauen-in-nuernberg.de\/index.php?rest_route=\/wp\/v2\/pages\/58\/revisions\/2213"}],"wp:attachment":[{"href":"https:\/\/www.frauen-in-nuernberg.de\/index.php?rest_route=%2Fwp%2Fv2%2Fmedia&parent=58"}],"curies":[{"name":"wp","href":"https:\/\/api.w.org\/{rel}","templated":true}]}}