{"id":2,"date":"2016-05-10T03:48:21","date_gmt":"2016-05-10T03:48:21","guid":{"rendered":"https:\/\/www.frauen-in-nuernberg.de\/?page_id=2"},"modified":"2025-05-14T18:46:52","modified_gmt":"2025-05-14T18:46:52","slug":"sample-page","status":"publish","type":"page","link":"https:\/\/www.frauen-in-nuernberg.de\/?page_id=2","title":{"rendered":"Datenschutz"},"content":{"rendered":"<p><span style=\"font-size: 35px; font-weight: bold;\">Datenschutz<\/span><\/p>\n<div class=\"csc-header csc-header-n1\">\n<p><img loading=\"lazy\" decoding=\"async\" class=\"spacer-gif\" title=\"\" src=\"https:\/\/www.frauen-in-nuernberg.de\/clear.gif\" alt=\"\" width=\"1\" height=\"5\" border=\"0\" \/><\/p>\n<\/div>\n<p class=\"bodytext\"><strong>Datenschutzerkl\u00e4rung<\/strong><\/p>\n<h4>Grundlegendes<\/h4>\n<p class=\"bodytext\">Diese Datenschutzerkl\u00e4rung soll die Nutzerin dieser Website \u00fcber die Art, den Umfang und den Zweck der Erhebung und Verwendung personenbezogener Daten durch die Websitebetreiberin M\u00e4dchen und Frauen FachForum in N\u00fcrnberg \u2013 MuFFFiN \/\u00a0<a href=\"http:\/\/www.frauen-in-nuernberg.de\/\">www.frauen-in-nuernberg.de<\/a>\u00a0informieren.<\/p>\n<p class=\"bodytext\">Die Websitebetreiberin nimmt Ihren Datenschutz sehr ernst und behandelt Ihre personenbezogenen Daten vertraulich und entsprechend der gesetzlichen Vorschriften. Da durch neue Technologien und die st\u00e4ndige Weiterentwicklung dieser Webseite \u00c4nderungen an dieser Datenschutzerkl\u00e4rung vorgenommen werden k\u00f6nnen, empfehlen wir Ihnen sich die Datenschutzerkl\u00e4rung in regelm\u00e4\u00dfigen Abst\u00e4nden wieder durchzulesen.<\/p>\n<p class=\"bodytext\">Definitionen der verwendeten Begriffe (z.B. \u201cpersonenbezogene Daten\u201d oder \u201cVerarbeitung\u201d) finden Sie in Art. 4 DSGVO.<\/p>\n<h4>Zugriffsdaten<\/h4>\n<p class=\"bodytext\">Wir, die Websitebetreiberin bzw. Seitenproviderin, erheben aufgrund unseres berechtigten Interesses (s. Art. 6 Abs. 1 lit. f. DSGVO) Daten \u00fcber Zugriffe auf die Website und speichern diese als \u201eServer-Logfiles\u201c auf dem Server der Website ab. Folgende Daten werden so protokolliert:<\/p>\n<ul>\n<li>Besuchte Website<\/li>\n<li>Uhrzeit zum Zeitpunkt des Zugriffes<\/li>\n<li>Quelle\/Verweis, von welchem Sie auf die Seite gelangten<\/li>\n<li>Verwendeter Browser<\/li>\n<li>Verwendete IP-Adresse<\/li>\n<\/ul>\n<p class=\"bodytext\">Die Server-Logfiles werden f\u00fcr maximal 7 Tage gespeichert und anschlie\u00dfend gel\u00f6scht. Die Speicherung der Daten erfolgt aus Sicherheitsgr\u00fcnden, um z. B. Missbrauchsf\u00e4lle aufkl\u00e4ren zu k\u00f6nnen. M\u00fcssen Daten aus Beweisgr\u00fcnden aufgehoben werden, sind sie solange von der L\u00f6schung ausgenommen bis der Vorfall endg\u00fcltig gekl\u00e4rt ist.<\/p>\n<h4>Reichweitenmessung &amp; Cookies<\/h4>\n<p class=\"bodytext\">Diese Website verwendet Cookies zur pseudonymisierten Reichweitenmessung, die entweder von unserem Server oder dem Server Dritter an den Browser des Nutzers \u00fcbertragen werden. Bei Cookies handelt es sich um kleine Dateien, welche auf Ihrem Endger\u00e4t gespeichert werden. Ihr Browser greift auf diese Dateien zu. Durch den Einsatz von Cookies erh\u00f6ht sich die Benutzerfreundlichkeit und Sicherheit dieser Website.<\/p>\n<p class=\"bodytext\">Falls Sie nicht m\u00f6chten, dass Cookies zur Reichweitenmessung auf Ihrem Endger\u00e4t gespeichert werden, k\u00f6nnen Sie dem Einsatz dieser Dateien hier widersprechen:<\/p>\n<ul>\n<li>Cookie-Deaktivierungsseite der Netzwerkwerbeinitiative:\u00a0<a href=\"http:\/\/optout.networkadvertising.org\/?c=1#!\/\">http:\/\/optout.networkadvertising.org\/?c=1#!\/<\/a><\/li>\n<li>Cookie-Deaktivierungsseite der europ\u00e4ischen Website:\u00a0<a href=\"http:\/\/optout.networkadvertising.org\/?c=1#!\/\">http:\/\/optout.networkadvertising.org\/?c=1#!\/<\/a><\/li>\n<\/ul>\n<p class=\"bodytext\">G\u00e4ngige Browser bieten die Einstellungsoption, Cookies nicht zuzulassen. Hinweis: Es ist nicht gew\u00e4hrleistet, dass Sie auf alle Funktionen dieser Website ohne Einschr\u00e4nkungen zugreifen k\u00f6nnen, wenn Sie entsprechende Einstellungen vornehmen.<\/p>\n<p class=\"bodytext\"><strong>Erfassung und Verarbeitung personenbezogener Daten<\/strong><\/p>\n<p class=\"bodytext\">Die Websitebetreiberin erhebt und speichert keine personenbezogenen Daten.<\/p>\n<p class=\"bodytext\">Als personenbezogene Daten gelten s\u00e4mtliche Informationen, welche dazu dienen w\u00fcrden, Ihre Person zu bestimmen und welche zu Ihnen zur\u00fcckverfolgt werden k\u00f6nnten \u2013 also beispielsweise Ihr Name, Ihre E-Mail-Adresse und Telefonnummer.<\/p>\n<p class=\"bodytext\">Diese Website k\u00f6nnen Sie, ohne Angaben zu Ihrer Person zu machen, besuchen.<\/p>\n<p class=\"bodytext\"><strong>Umgang mit Kontaktdaten<\/strong><\/p>\n<p class=\"bodytext\">Nehmen Sie mit uns als Websitebetreibende durch die angebotenen Kontaktm\u00f6glichkeiten (<em>Kontaktaufnahme \u00fcber das Kontaktformular)<\/em>\u00a0Verbindung auf, werden Ihre Angaben gespeichert, damit auf diese zur Bearbeitung und Beantwortung Ihrer Anfrage zur\u00fcckgegriffen werden kann. Ohne Ihre Einwilligung werden diese Daten nicht an Dritte weitergegeben.<\/p>\n<h4>Widerspruchsrecht<\/h4>\n<p class=\"bodytext\">Nutzende dieser Webseite k\u00f6nnen von ihrem Widerspruchsrecht Gebrauch machen und der Verarbeitung ihrer personenbezogenen Daten zu jeder Zeit widersprechen.<br \/>\nWenn Sie eine Berichtigung, Sperrung, L\u00f6schung oder Auskunft \u00fcber die zu Ihrer Person gespeicherten personenbezogenen Daten (z.B. e-mail-adresse) w\u00fcnschen oder Fragen bzgl. der Erhebung, Verarbeitung oder Verwendung Ihrer personenbezogenen Daten haben oder erteilte Einwilligungen widerrufen m\u00f6chten, wenden Sie sich bitte an folgende E-Mail-Adresse: mail-mir@mufffin.de<\/p>\n<h3 class=\"western\">Verwendung von Links<\/h3>\n<p class=\"bodytext\">In den Online-Angeboten der MuFFFiN-Website werden \u00fcber Querverweise (sog. &#8222;Links&#8220;) Zug\u00e4nge zu externen Internetangeboten hergestellt. Diese externen Angebote liegen auf eigenen Domains und fremden Servern und werden inhaltlich von den jeweiligen Betreibenden selbst verantwortet.<\/p>\n","protected":false},"excerpt":{"rendered":"<p>Datenschutz Datenschutzerkl\u00e4rung Grundlegendes Diese Datenschutzerkl\u00e4rung soll die Nutzerin dieser Website \u00fcber die Art, den Umfang und den Zweck der Erhebung und Verwendung personenbezogener Daten durch die Websitebetreiberin M\u00e4dchen und Frauen FachForum in N\u00fcrnberg \u2013 MuFFFiN \/\u00a0www.frauen-in-nuernberg.de\u00a0informieren. Die Websitebetreiberin nimmt Ihren Datenschutz sehr ernst und behandelt Ihre personenbezogenen Daten vertraulich und entsprechend der gesetzlichen Vorschriften. Da &hellip; <a href=\"https:\/\/www.frauen-in-nuernberg.de\/?page_id=2\" class=\"more-link\"><span class=\"screen-reader-text\">Datenschutz<\/span> weiterlesen<\/a><\/p>\n","protected":false},"author":1,"featured_media":0,"parent":0,"menu_order":0,"comment_status":"closed","ping_status":"open","template":"","meta":{"footnotes":""},"class_list":["post-2","page","type-page","status-publish","hentry"],"_links":{"self":[{"href":"https:\/\/www.frauen-in-nuernberg.de\/index.php?rest_route=\/wp\/v2\/pages\/2","targetHints":{"allow":["GET"]}}],"collection":[{"href":"https:\/\/www.frauen-in-nuernberg.de\/index.php?rest_route=\/wp\/v2\/pages"}],"about":[{"href":"https:\/\/www.frauen-in-nuernberg.de\/index.php?rest_route=\/wp\/v2\/types\/page"}],"author":[{"embeddable":true,"href":"https:\/\/www.frauen-in-nuernberg.de\/index.php?rest_route=\/wp\/v2\/users\/1"}],"replies":[{"embeddable":true,"href":"https:\/\/www.frauen-in-nuernberg.de\/index.php?rest_route=%2Fwp%2Fv2%2Fcomments&post=2"}],"version-history":[{"count":3,"href":"https:\/\/www.frauen-in-nuernberg.de\/index.php?rest_route=\/wp\/v2\/pages\/2\/revisions"}],"predecessor-version":[{"id":174,"href":"https:\/\/www.frauen-in-nuernberg.de\/index.php?rest_route=\/wp\/v2\/pages\/2\/revisions\/174"}],"wp:attachment":[{"href":"https:\/\/www.frauen-in-nuernberg.de\/index.php?rest_route=%2Fwp%2Fv2%2Fmedia&parent=2"}],"curies":[{"name":"wp","href":"https:\/\/api.w.org\/{rel}","templated":true}]}}