{"id":18,"date":"2018-12-06T10:11:08","date_gmt":"2018-12-06T10:11:08","guid":{"rendered":"https:\/\/www.frauen-in-nuernberg.de\/?page_id=18"},"modified":"2025-07-09T17:27:58","modified_gmt":"2025-07-09T17:27:58","slug":"ueber-uns","status":"publish","type":"page","link":"https:\/\/www.frauen-in-nuernberg.de\/","title":{"rendered":"Netzwerk"},"content":{"rendered":"<div>\n<h3><\/h3>\n<h3><\/h3>\n<h3><strong>\u00a0\u00a0\u00a0\u00a0\u00a0\u00a0\u00a0\u00a0 <img loading=\"lazy\" decoding=\"async\" class=\"size-medium wp-image-223 alignright\" src=\"https:\/\/www.frauen-in-nuernberg.de\/wp-content\/uploads\/2019\/01\/LOGO_MuFFFiN-300x197.jpg\" alt=\"\" width=\"300\" height=\"197\" srcset=\"https:\/\/www.frauen-in-nuernberg.de\/wp-content\/uploads\/2019\/01\/LOGO_MuFFFiN-300x197.jpg 300w, https:\/\/www.frauen-in-nuernberg.de\/wp-content\/uploads\/2019\/01\/LOGO_MuFFFiN-768x503.jpg 768w, https:\/\/www.frauen-in-nuernberg.de\/wp-content\/uploads\/2019\/01\/LOGO_MuFFFiN-1024x671.jpg 1024w, https:\/\/www.frauen-in-nuernberg.de\/wp-content\/uploads\/2019\/01\/LOGO_MuFFFiN.jpg 1039w\" sizes=\"auto, (max-width: 300px) 100vw, 300px\" \/><\/strong><\/h3>\n<h3><strong><span style=\"color: #b201b8;\">Das Netzwerk MuFFFiN<\/span><br \/>\n<\/strong><\/h3>\n<p><strong>Das M\u00e4dchen und Frauen FachForum in N\u00fcrnberg (MuFFFiN) ist eine Zusammenarbeit und Vernetzung der Beratungsstellen, Einrichtungen und Initiativen, die sich im besonderen an M\u00e4dchen und Frauen mit Angeboten in den Bereichen, Gesundheit, Bildung, Kultur, Integration, Beratung und Selbsthilfe wenden<\/strong><\/p>\n<\/div>\n<p><strong>\u00a0<\/strong><br \/>\nDas Netzwerk besteht seit 1992 und tagt f\u00fcnf Mal im Jahr, um<\/p>\n<ul>\n<li>gemeinsame \u00d6ffentlichkeitsarbeit zu leisten<\/li>\n<li>die F\u00f6rderung frauen- und m\u00e4dchenpolitischer Interessen auf kommunaler Ebene voranzutreiben<\/li>\n<li>die inhaltliche Diskussion feministischer Frauen- und M\u00e4dchenarbeit fortzuf\u00fchren und \u00f6ffentlich zu machen<\/li>\n<li>Frauen und M\u00e4dchen zu st\u00e4rken<\/li>\n<li>feministische Antigewaltarbeit zu unterst\u00fctzen<\/li>\n<li>den fachlichen Austausch zwischen den Projekten zu intensivieren und Anregungen f\u00fcr die t\u00e4gliche Arbeit zu bekommen<\/li>\n<li>gegenseitige Hilfestellung zu geben, die Personalentwicklung und Schaffung von Arbeits\u00adstellen zu er\u00f6rtern<\/li>\n<li>im Sinne der Vernetzung Einblick in die Arbeit der einzelnen Einrichtungen zu erhalten und die Mitarbeiterinnen kennen zu lernen<\/li>\n<\/ul>\n","protected":false},"excerpt":{"rendered":"<p>\u00a0\u00a0\u00a0\u00a0\u00a0\u00a0\u00a0\u00a0 Das Netzwerk MuFFFiN Das M\u00e4dchen und Frauen FachForum in N\u00fcrnberg (MuFFFiN) ist eine Zusammenarbeit und Vernetzung der Beratungsstellen, Einrichtungen und Initiativen, die sich im besonderen an M\u00e4dchen und Frauen mit Angeboten in den Bereichen, Gesundheit, Bildung, Kultur, Integration, Beratung und Selbsthilfe wenden \u00a0 Das Netzwerk besteht seit 1992 und tagt f\u00fcnf Mal im Jahr, &hellip; <a href=\"https:\/\/www.frauen-in-nuernberg.de\/\" class=\"more-link\"><span class=\"screen-reader-text\">Netzwerk<\/span> weiterlesen<\/a><\/p>\n","protected":false},"author":1,"featured_media":0,"parent":0,"menu_order":0,"comment_status":"closed","ping_status":"closed","template":"","meta":{"footnotes":""},"class_list":["post-18","page","type-page","status-publish","hentry"],"_links":{"self":[{"href":"https:\/\/www.frauen-in-nuernberg.de\/index.php?rest_route=\/wp\/v2\/pages\/18","targetHints":{"allow":["GET"]}}],"collection":[{"href":"https:\/\/www.frauen-in-nuernberg.de\/index.php?rest_route=\/wp\/v2\/pages"}],"about":[{"href":"https:\/\/www.frauen-in-nuernberg.de\/index.php?rest_route=\/wp\/v2\/types\/page"}],"author":[{"embeddable":true,"href":"https:\/\/www.frauen-in-nuernberg.de\/index.php?rest_route=\/wp\/v2\/users\/1"}],"replies":[{"embeddable":true,"href":"https:\/\/www.frauen-in-nuernberg.de\/index.php?rest_route=%2Fwp%2Fv2%2Fcomments&post=18"}],"version-history":[{"count":13,"href":"https:\/\/www.frauen-in-nuernberg.de\/index.php?rest_route=\/wp\/v2\/pages\/18\/revisions"}],"predecessor-version":[{"id":364,"href":"https:\/\/www.frauen-in-nuernberg.de\/index.php?rest_route=\/wp\/v2\/pages\/18\/revisions\/364"}],"wp:attachment":[{"href":"https:\/\/www.frauen-in-nuernberg.de\/index.php?rest_route=%2Fwp%2Fv2%2Fmedia&parent=18"}],"curies":[{"name":"wp","href":"https:\/\/api.w.org\/{rel}","templated":true}]}}