{"id":16,"date":"2018-12-06T10:10:21","date_gmt":"2018-12-06T10:10:21","guid":{"rendered":"https:\/\/www.frauen-in-nuernberg.de\/?page_id=16"},"modified":"2025-06-17T12:40:34","modified_gmt":"2025-06-17T12:40:34","slug":"links","status":"publish","type":"page","link":"https:\/\/www.frauen-in-nuernberg.de\/?page_id=16","title":{"rendered":"Erweitertes Netzwerk"},"content":{"rendered":"<div class=\"csc-header csc-header-n1\">\n<p>&nbsp;<\/p>\n<\/div>\n<h4 class=\"bodytext\"><span style=\"color: #b2167f;\"><strong>Weitere interessante und hilfreiche Frauen-Links:<\/strong><\/span><\/h4>\n<p class=\"bodytext\"><strong>Frauenbeauftragte und Gleichstellungsbeauftragte<br \/>\nder Stadt N\u00fcrnberg<\/strong>, Frauenb\u00fcro<br \/>\n<a href=\"http:\/\/www.frauenbeauftragte.nuernberg.de\/\">www.frauenbeauftragte.nuernberg.de<\/a><\/p>\n<p><strong>Beauftragte f\u00fcr Diskriminierungsfragen und LSBTIQ<\/strong><br \/>\nStadt N\u00fcrnberg\/B\u00fcrgermeisteramt<br \/>\nChristine Burman<br \/>\nStabsstelle Menschenrechtsb\u00fcro &amp; Gleichstellungsstelle<br \/>\n<a href=\"http:\/\/www.menschenrechte.nuernberg.de\/\" target=\"_blank\" rel=\"noopener\">www.menschenrechte.nuernberg.de<\/a><\/p>\n<p class=\"bodytext\"><strong>erfolgsfaktor FRAU<\/strong>\u00a0e.V.<br \/>\nentwickelt Konzepte die helfen, die Gleichstellung &amp; Akzeptanz von\u00a0<strong>Frauen<\/strong>\u00a0in F\u00fchrungspositionen zu verbessern.<br \/>\n<a class=\"external-link-new-window\" title=\"\" href=\"http:\/\/www.erfolgsfaktor-frau.de\/\" target=\"_blank\" rel=\"noopener\">www.erfolgsfaktor-frau.de<\/a><\/p>\n<p class=\"bodytext\"><strong><span class=\"important\">TERRE DES FEMMES<\/span><\/strong><br \/>\n<strong>Menschenrechte f\u00fcr die Frau e.V.<br \/>\nGleichberechtigt, selbstbestimmt und frei!<\/strong><br \/>\n<a class=\"external-link-new-window\" title=\"\" href=\"http:\/\/www.frauenrechte.de\/\" target=\"_blank\" rel=\"noopener\">www.frauenrechte.de<\/a><\/p>\n<p class=\"bodytext\"><strong><span class=\"important\">Der geschichtliche WEIB-BLICK<\/span><\/strong><br \/>\n<a class=\"external-link-new-window\" title=\"\" href=\"http:\/\/www.bennewitz-frauengeschichte.de\/\" target=\"_blank\" rel=\"noopener\">www.bennewitz-frauengeschichte.de<\/a><\/p>\n<p><strong>Wohnen f\u00fcr Frauen<\/strong><br \/>\nHILFEN F\u00dcR MENSCHEN IN WOHNUNGSNOT<br \/>\nBeratungszentrum Christine-Kreller-Haus<br \/>\n<a href=\"http:\/\/www.stadtmission-nuernberg.de\/\">www.stadtmission-nuernberg.de<\/a><\/p>\n<p class=\"bodytext\"><strong>Gleicher Lohn f\u00fcr gleiche Arbeit!<\/strong><br \/>\n<a href=\"http:\/\/www.equalpayday.de\/\">www.equalpayday.de<\/a><\/p>\n<p class=\"bodytext\"><strong>Frauen in die F\u00fchrungs- und Aufsichtsrat-Etagen!<\/strong><br \/>\n<a href=\"http:\/\/www.nuernberger-resolution.de\/\">www.nuernberger-resolution.de<\/a><\/p>\n<p><strong><span style=\"color: #b2167f;\">Feministischer Streik in N\u00fcrnberg<\/span><\/strong><br \/>\n<strong>FLINT*Komitee<\/strong> f\u00fcr einen feministischen Streik in N\u00fcrnberg<br \/>\n<a href=\"https:\/\/femstreiknbg.home.blog\/\" target=\"_blank\" rel=\"noopener\">https:\/\/femstreiknbg.home.blog\/<\/a><\/p>\n<p class=\"bodytext\"><strong><span class=\"important\">Deutsch-T\u00fcrkischer FrauenClub<\/span><\/strong><br \/>\n<a href=\"http:\/\/www.dtfc.org\/\">www.dtfc.org<\/a><\/p>\n<p class=\"bodytext\"><strong><span class=\"important\">STOP dem Frauenhandel gGmbH<\/span><\/strong><br \/>\n<strong>Hilfe bei drohender oder erfolgter Zwangsverheiratung<\/strong><br \/>\n<a href=\"http:\/\/www.scheherazade-hilft.de\/\">www.scheherazade-hilft.de<\/a><\/p>\n<p class=\"bodytext\"><strong><span class=\"important\">FaU &#8211; Frauen als Unternehmerinnen e.V.<\/span><\/strong><br \/>\n<a class=\"external-link-new-window\" title=\"\" href=\"http:\/\/www.fau-netzwerk.de\/\" target=\"_blank\" rel=\"noopener\">www.fau-netzwerk.de<\/a><\/p>\n<p class=\"bodytext\"><strong>Frauen Jazz Band (N\u00fcrnberg- F\u00fcrth- Erlangen- Schwabach)<\/strong><br \/>\n<a class=\"external-link-new-window\" title=\"\" href=\"http:\/\/www.jazz-summer-flavour.de\/\">www.jazz-summer-flavour.de<\/a><\/p>\n<p class=\"bodytext\"><strong>N\u00fcrnbergs erster Lesbenchor<\/strong><br \/>\n<a class=\"external-link-new-window\" title=\"\" href=\"http:\/\/tinnitussis.wordpress.com\/\">tinnitussis.wordpress.com<\/a><\/p>\n<p class=\"bodytext\"><span class=\"important\"><strong>FRIdA &#8211; FrauenReisen &#8211; <\/strong>Individuell und Anders<\/span><br \/>\n<a class=\"external-link-new-window\" title=\"\" href=\"http:\/\/www.frida-frauenreisen.de\/\" target=\"_blank\" rel=\"noopener\">www.frida-frauenreisen.de<\/a><\/p>\n<p class=\"bodytext\"><strong>Hier sind alle Frauenprojekte, -gruppen, und -netzwerke in N\u00fcrnberg nach Themen und Arbeitsgebieten von A bis Z zu finden<\/strong><br \/>\n<a href=\"http:\/\/www.frauen.nuernberg.de\/\">www.frauen.nuernberg.de<\/a><\/p>\n<p class=\"bodytext\"><strong>Kampagne &#8222;Uns geht`s ums Ganze- M\u00e4dchen und junge Frauen f\u00fcr Selbstbestimmung&#8220; 2015<\/strong>\u00a0in Mittelfranken<br \/>\n<a class=\"external-link-new-window\" title=\"\" href=\"http:\/\/www.uns-gehts-ums-ganze.nuernberg.de\/\">www.uns-gehts-ums-ganze.nuernberg.de<\/a><\/p>\n<p class=\"bodytext\">Das\u00a0<em><span class=\"important\">M\u00e4dchen und Frauen FachForum in N\u00fcrnberg<\/span><\/em>\u00a0ist auch aktiv bei<br \/>\n<strong>AGENDA 21 der Stadt N\u00fcrnberg<\/strong>\u00a0&#8211; Runder Tisch\/Soziale Nachhaltigkeit:<br \/>\n<a class=\"external-link-new-window\" title=\"\" href=\"https:\/\/www.nuernberg.de\/internet\/agenda21\/\" target=\"_blank\" rel=\"noopener\">https:\/\/www.nuernberg.de\/internet\/agenda21\/<\/a><\/p>\n<p><strong>Feministisch-philosophische Plattform<\/strong><br \/>\n<a href=\"http:\/\/www.bzw-weiterdenken.de\/\">http:\/\/www.bzw-weiterdenken.de\/<\/a><\/p>\n<p><strong>Genderw\u00f6rterbuch<\/strong> dient als Inspiration<br \/>\n<a href=\"https:\/\/geschicktgendern.de\/\">https:\/\/geschicktgendern.de\/<\/a><\/p>\n<p><strong><span style=\"color: #b2167f;\">LAG M\u00e4dchen*politik Bayern e.V.<\/span><br \/>\n<\/strong><a href=\"http:\/\/www.lag-maedchenpolitik-bayern.de\" target=\"_blank\" rel=\"noopener\">www.lag-maedchenpolitik-bayern.de<\/a><strong><br \/>\n<\/strong><a href=\"https:\/\/lag-maedchenpolitik-bayern.de\/maedchenarbeit-bayernweit\/\" target=\"_blank\" rel=\"noopener\">https:\/\/lag-maedchenpolitik-bayern.de\/maedchenarbeit-bayernweit\/<\/a><\/p>\n<p><strong>M<\/strong><strong>igra<\/strong><strong>ntinnen-Netzwerk Bayern e.V.<\/strong><br \/>\nMarienheim \/ Harmoniestra\u00dfe 16, 90489 N\u00fcrnberg<br \/>\nTel. 0911\/586 869 41<br \/>\nInternet:\u00a0<a class=\"external-link-new-window\" title=\"\" href=\"http:\/\/www.migrantinnen-bayern.de\/\" target=\"_blank\" rel=\"noopener\">www.migrantinnen-bayern.de<\/a><\/p>\n<p><strong>AKF &#8211; Arbeitskreis Frauengesundheit in Medizin, Psychotherapie und Gesellschaft e.V.<\/strong>, gr\u00f6\u00dfter Zusammenschluss von unabh\u00e4ngigen Frauengesundheitsorganisationen im deutschsprachigen Raum.<br \/>\n<a href=\"https:\/\/www.arbeitskreis-frauengesundheit.de\/\">https:\/\/www.arbeitskreis-frauengesundheit.de\/<\/a><\/p>\n<p><strong>UFF e.V. &#8211; Unabh\u00e4ngige Frauen F\u00fcrth<\/strong><br \/>\nFrauen aus verschiedenen gesellschaftlichen Bereichen, mit unterschiedlicher Parteizugeh\u00f6rigkeit, Kofession oder Beruf<br \/>\n<a href=\"http:\/\/www.uff-fuerth.de\">www.uff-fuerth.de<\/a><\/p>\n<p><span style=\"font-family: Arial, Helvetica, sans-serif;\"><span style=\"font-size: small;\">\u00a0<\/span><\/span><\/p>\n","protected":false},"excerpt":{"rendered":"<p>&nbsp; Weitere interessante und hilfreiche Frauen-Links: Frauenbeauftragte und Gleichstellungsbeauftragte der Stadt N\u00fcrnberg, Frauenb\u00fcro www.frauenbeauftragte.nuernberg.de Beauftragte f\u00fcr Diskriminierungsfragen und LSBTIQ Stadt N\u00fcrnberg\/B\u00fcrgermeisteramt Christine Burman Stabsstelle Menschenrechtsb\u00fcro &amp; Gleichstellungsstelle www.menschenrechte.nuernberg.de erfolgsfaktor FRAU\u00a0e.V. entwickelt Konzepte die helfen, die Gleichstellung &amp; Akzeptanz von\u00a0Frauen\u00a0in F\u00fchrungspositionen zu verbessern. www.erfolgsfaktor-frau.de TERRE DES FEMMES Menschenrechte f\u00fcr die Frau e.V. Gleichberechtigt, selbstbestimmt und frei! &hellip; <a href=\"https:\/\/www.frauen-in-nuernberg.de\/?page_id=16\" class=\"more-link\"><span class=\"screen-reader-text\">Erweitertes Netzwerk<\/span> weiterlesen<\/a><\/p>\n","protected":false},"author":1,"featured_media":0,"parent":0,"menu_order":0,"comment_status":"closed","ping_status":"closed","template":"","meta":{"footnotes":""},"class_list":["post-16","page","type-page","status-publish","hentry"],"_links":{"self":[{"href":"https:\/\/www.frauen-in-nuernberg.de\/index.php?rest_route=\/wp\/v2\/pages\/16","targetHints":{"allow":["GET"]}}],"collection":[{"href":"https:\/\/www.frauen-in-nuernberg.de\/index.php?rest_route=\/wp\/v2\/pages"}],"about":[{"href":"https:\/\/www.frauen-in-nuernberg.de\/index.php?rest_route=\/wp\/v2\/types\/page"}],"author":[{"embeddable":true,"href":"https:\/\/www.frauen-in-nuernberg.de\/index.php?rest_route=\/wp\/v2\/users\/1"}],"replies":[{"embeddable":true,"href":"https:\/\/www.frauen-in-nuernberg.de\/index.php?rest_route=%2Fwp%2Fv2%2Fcomments&post=16"}],"version-history":[{"count":18,"href":"https:\/\/www.frauen-in-nuernberg.de\/index.php?rest_route=\/wp\/v2\/pages\/16\/revisions"}],"predecessor-version":[{"id":2231,"href":"https:\/\/www.frauen-in-nuernberg.de\/index.php?rest_route=\/wp\/v2\/pages\/16\/revisions\/2231"}],"wp:attachment":[{"href":"https:\/\/www.frauen-in-nuernberg.de\/index.php?rest_route=%2Fwp%2Fv2%2Fmedia&parent=16"}],"curies":[{"name":"wp","href":"https:\/\/api.w.org\/{rel}","templated":true}]}}