{"id":14,"date":"2018-12-06T10:09:42","date_gmt":"2018-12-06T10:09:42","guid":{"rendered":"https:\/\/www.frauen-in-nuernberg.de\/?page_id=14"},"modified":"2026-05-12T18:24:50","modified_gmt":"2026-05-12T18:24:50","slug":"termine","status":"publish","type":"page","link":"https:\/\/www.frauen-in-nuernberg.de\/?page_id=14","title":{"rendered":"Termine"},"content":{"rendered":"<p style=\"text-align: center;\"><span style=\"color: #b2167f;\"><strong><br \/>\n<img loading=\"lazy\" decoding=\"async\" class=\"wp-image-292 alignright\" src=\"https:\/\/www.frauen-in-nuernberg.de\/wp-content\/uploads\/2019\/02\/femifrau-222x300.png\" alt=\"\" width=\"112\" height=\"152\" srcset=\"https:\/\/www.frauen-in-nuernberg.de\/wp-content\/uploads\/2019\/02\/femifrau-222x300.png 222w, https:\/\/www.frauen-in-nuernberg.de\/wp-content\/uploads\/2019\/02\/femifrau.png 400w\" sizes=\"auto, (max-width: 112px) 100vw, 112px\" \/><\/strong><\/span><\/p>\n<p><span style=\"color: #b2167f;\"><strong>\u00a0\u00a0\u00a0\u00a0\u00a0\u00a0\u00a0 <span style=\"color: #7e1587;\">Frauenpower und Zuversicht ist unsere St\u00e4rke!<br \/>\n<\/span><\/strong><\/span><span style=\"color: #7e1587;\"><strong>Dabei soll es bleiben mit vielen<\/strong><strong> anregenden Angeboten von Frauen f\u00fcr Frauen auch in 2026!<\/strong><\/span><\/p>\n<p style=\"text-align: center;\"><strong>Schauen wir voll Hoffnung in die Zukunft !<\/strong><br \/>\n<strong>Unsere Gedanken sind weiterhin<\/strong><br \/>\n<strong>bei all den Menschen, die unsere Solidarit\u00e4t<\/strong><br \/>\n<strong>und unsere Liebe brauchen.<\/strong><\/p>\n<h6 style=\"text-align: center;\"><strong><span style=\"color: #7e1587;\"><em><span style=\"color: #b2167f;\">Mai 2026 &#8211; V<\/span><\/em><\/span><\/strong><strong><span style=\"color: #7e1587;\"><em>ormerken und Dabeisein <\/em><\/span><\/strong><\/h6>\n<p><strong>Mo 18.05.2026, 19:00 Uhr<\/strong> &#8211;<span style=\"color: #b2167f;\"><strong> Film WAS AN EMPFINDSAMKEIT BLEIBT<\/strong><\/span><br \/>\nAuf der Berlinale dieses Jahr hatte der <span style=\"color: #b2167f;\">Film von Daniela Magnani H\u00fcller<\/span> Weltpremiere. Die junge Regisseurin hat vor 14 Jahren einen versuchten Femizid durch einen Mitsch\u00fcler \u00fcberlebt und dar\u00fcber nun einen Film gemacht. Es ist ein beeindruckender Film, reflektiert und zugleich w\u00fctend, pers\u00f6nlich, empowernd und die patriarchalen Strukturen der Gesellschaft kritisierend.<br \/>\n<strong><span style=\"color: #b2167f;\">Die Regisseurin kommt am Montag, den 18.05. ins Filmhaus f\u00fcr ein anschlie\u00dfendes Filmgespr\u00e4ch.<\/span><\/strong><br \/>\nAlle n\u00f6tigen Informationen gibt es hier: <a href=\"https:\/\/www.kunstkulturquartier.de\/filmhaus\/programm\/fh-programm-detail\/425351\/1\/0\/2323\/2026-05-17\/20-15?cHash=56645ab3a26068818f371fceeb272027\" target=\"_blank\" rel=\"noopener\">www.kunstkulturquartier.de\/filmhaus\/18.05.<\/a><br \/>\n<span style=\"color: #b201b8;\"><em>Ank\u00fcndigung bitte gerne weiterleiten \u2026<\/em><\/span><\/p>\n<p><strong>Es geht es weiter bis 31.05.2026<\/strong> unter dem Titel <em><span style=\"color: #b2167f;\"><strong>&#8222;Gesonderte Momente &amp; Caf\u00e9 Dialoge&#8220;<\/strong><\/span><\/em> &#8211; mit besonders sehenswerten Werken von Elisabeth Bala und Cristina Kahlo und einem hoch interessanten <a href=\"https:\/\/www.frauen-in-nuernberg.de\/wp-content\/uploads\/2026\/03\/2026-Programm-FidEW-Gesonderte-Momente-U.pdf\" target=\"_blank\" rel=\"noopener\">Beiprogramm<\/a><em><strong>.<br \/>\nUnd: MUSEUM ONLINE &#8211; \u201eJedem Anfang wohnt ein Zauber inne\u201c<br \/>\n<\/strong><\/em><strong>Au\u00dferdem zu sehen: Film vom Frankenfernsehen<\/strong> \u00fcber die neuen R\u00e4ume und Aufbaubeginn<br \/>\n<a href=\"https:\/\/www.youtube.com\/watch?v=SIYcvT39_Qg\" target=\"_blank\" rel=\"noopener\">https:\/\/www.youtube.com\/watch?v=SIYcvT39_Qg<\/a><br \/>\n<em><strong><span style=\"color: #b2167f;\">Frauen in der Einen Welt e.V. mit Museum Fauenkultur Regional &#8211; International,<\/span>\u00a0<\/strong> <\/em>Hirschenstra\u00dfe 16, F\u00fcrth\u00a0 <em>\/\u00a0\u00a0<a href=\"http:\/\/www.frauenindereinenwelt.de\" target=\"_blank\" rel=\"noopener\">www.frauenindereinenwelt.de<\/a><\/em><\/p>\n<p><strong>Seit M\u00e4rz 2026 &#8211; <\/strong><span style=\"color: #b2167f;\"><strong>Lila Flimmern in der Villa Leon: Feministische Filmabende<\/strong> <\/span><br \/>\nWeiterer Termin:<strong> Do 21.05.2026 um 19:00 Uhr<\/strong><br \/>\n<strong>Ort:<\/strong> Kulturladen Villa Leon, Schlachthofstra\u00dfe\/Philipp-Koerber-Weg 1, N\u00fcrnberg<br \/>\n<strong>Mehr Info<\/strong> unter\u00a0<a href=\"https:\/\/www.nuernberg.de\/internet\/kuf_kultur\/veranstaltungen_villa_leon.html\" target=\"_blank\" rel=\"noopener\">https:\/\/www.nuernberg.de\/internet\/kuf_kultur\/veranstaltungen_villa_leon.html<\/a><\/p>\n<h6 style=\"text-align: center;\"><em><span style=\"color: #b2167f;\"><strong>N\u00fcrnbergs Frauen <\/strong><strong>engagieren sich<\/strong><\/span> &#8211;<\/em><\/h6>\n<p style=\"text-align: center;\"><span style=\"color: #b2167f;\"><em><strong>Antikriegsaktion<\/strong><\/em><\/span><em><strong><span lang=\"de-DE\">\u00a0<\/span><\/strong><\/em><em>am <strong>Wei\u00dfen Turm in N\u00fcrnberg<\/strong><br \/>\n<\/em><em><strong>jeden Mittwoch von 18.00 bis 18:45 Uhr<\/strong><\/em><br \/>\n<span lang=\"de-DE\">Veranstaltet von <em>8.M\u00e4rz B\u00fcndnis N\u00fcrnberg, Gostenhofer Frauentreff,\u00a0 Friedensforum N\u00fcrnberg und Frauenverband Courage N\u00fcrnberg<\/em><\/span><\/p>\n<p style=\"text-align: center;\"><span style=\"color: #b2167f;\">Aktuelles aus dem <em>Frauennetzwerk N\u00fcrnberg:<\/em><\/span><br \/>\n<a href=\"http:\/\/www.nuernberg.de\/internet\/gleichstellung\/frauen.html\" target=\"_blank\" rel=\"noopener\">www.nuernberg.de\/internet\/gleichstellung\/frauen.html<\/a><\/p>\n<p style=\"text-align: center;\"><em>Neues aus dem LSBTIQ-Netzwerk &#8211; 8<\/em><br \/>\n<a href=\"https:\/\/www.nuernberg.de\/internet\/menschenrechte\/newsletter\/neuesausdemlsbtiq_netzwerk_94249.html?code=16861254982514&amp;nl=544&amp;track=8CA034C9BD4E\" target=\"_blank\" rel=\"noopener\">newsletter: neues aus dem lsbtiq-netzwerk<\/a><\/p>\n<h6 style=\"text-align: center;\"><em><strong><br \/>\n2026\u00a0 Spezielle Veranstaltungs-Termine<\/strong><span style=\"color: #b2167f;\"><strong><br \/>\nf\u00fcr Frauen und M\u00e4dchen von den Frauen-Fachstellen:<\/strong><\/span><\/em><\/h6>\n<p>Das aktuelle Programm von<span style=\"color: #b201b8;\"><strong> AURA N\u00fcrnberg e.V.<\/strong><\/span><br \/>\n* selbstst\u00e4rken &#8211; selbstbehaupten &#8211; selbstverteidigen *<br \/>\nBitte hier aufrufen:\u00a0 <a href=\"https:\/\/www.aura-nuernberg.de\/category\/aktuelles\/\" target=\"_blank\" rel=\"noopener\">AURA_Neues_Kursprogramm<\/a><\/p>\n<p>Das aktuelle Programm vom<br \/>\n<strong><span style=\"color: #b2167f;\">Frauen &amp; M\u00e4dchen Gesundheitszentrum \/ <\/span><\/strong><span style=\"color: #b201b8;\"><strong>FMGZ e.V.<\/strong><\/span><br \/>\n<a href=\"https:\/\/www.fmgz-nuernberg.de\/?page_id=69\" target=\"_blank\" rel=\"noopener\">Programm<\/a><span style=\"color: #b2167f;\">\u00a0 Infos und Anmeldung: <a style=\"color: #b2167f;\" href=\"https:\/\/www.fmgz-nuernberg.de\/?page_id=2107\" target=\"_blank\" rel=\"noopener\">Hier<\/a><\/span><\/p>\n<p><strong><span style=\"color: #b2167f;\">dick und d\u00fcnn N\u00fcrnberg e.V.<br \/>\n<\/span><\/strong>ist auf Essst\u00f6rungen spezialisiert und hilft bereits bei ersten Anzeichen:<strong><span style=\"color: #b2167f;\"><br \/>\n<\/span><\/strong><a href=\"http:\/\/www.essstoerungen-mittelfranken.de\/home.html\" target=\"_blank\" rel=\"noopener\">www.essstoerungen-mittelfranken.de\/home.html<\/a><\/p>\n<p><strong><span style=\"color: #b2167f;\">M\u00e4dchentreff e-V.\u00a0 &#8211; Bildung \u2013 Beratung \u2013 Vergn\u00fcgen<\/span> <\/strong><br \/>\n<span style=\"color: #b2167f;\">Unser Programm<\/span> h\u00e4lt immer viel f\u00fcr euch bereit. Wir freuen uns auf gute Nachmittage mit euch!<br \/>\nDas regul\u00e4re Programm im M\u00e4dchentreff ist wieder gestartet!<br \/>\n<a href=\"http:\/\/www.maedchentreff.de\/\" target=\"_blank\" rel=\"noopener\">www.maedchentreff.de<\/a><\/p>\n<div class=\"blog-entry-body\">\n<p><span dir=\"ltr\" role=\"presentation\"><span style=\"color: #b2167f;\"><strong>frauenBeratung n\u00fcrnberg e.V.<\/strong><\/span><\/span><strong><br \/>\n<\/strong><span dir=\"ltr\" role=\"presentation\">Neue Gruppen-Angebote f\u00fcr <\/span><span dir=\"ltr\" role=\"presentation\">gewaltbetroffene Frauen<\/span><span dir=\"ltr\" role=\"presentation\"><strong>\u00a0 \/\u00a0\u00a0<a href=\"https:\/\/www.frauen-in-nuernberg.de\/wp-content\/uploads\/2023\/07\/FrauenBeratung-Stabigruppe-2023-2.HJ_.pdf\" target=\"_blank\" rel=\"noopener\">Info<\/a> <\/strong><\/span><strong><br \/>\n<\/strong><a href=\"http:\/\/www.frauenberatung-nuernberg.de\" target=\"_blank\" rel=\"noopener\">www.frauenberatung-nuernberg.de<\/a><\/p>\n<\/div>\n<p><span style=\"color: #b2167f;\"><strong><em>Frauen in der Einen Welt<\/em><\/strong><\/span><br \/>\n<strong>Aktuell: <\/strong>Ein interessanter R\u00fcckblick \u00fcber <span style=\"color: #b2167f;\">Frauen in der Einen Welt<\/span> und <span style=\"color: #b2167f;\">Frauenmuseum<\/span> &#8211;\u00a0 Link zum <strong><a href=\"https:\/\/www.youtube.com\/watch?v=U9C-TX8hoV0&amp;t=5s\" target=\"_blank\" rel=\"noopener\">Film\u00a0<\/a><\/strong>der Medienwerkstatt N\u00fcrnberg.<br \/>\n<a href=\"https:\/\/www.frauenindereinenwelt.de\/\" target=\"_blank\" rel=\"noopener noreferrer\">https:\/\/www.frauenindereinenwelt.de\/<\/a><\/p>\n<p>&nbsp;<\/p>\n<p style=\"text-align: center;\"><span style=\"color: #b2167f;\"><em><strong>Immer interessant!<\/strong> <\/em><\/span><\/p>\n<p>F\u00fcr alle, die nochmal etwas <span style=\"color: #b2167f;\">\u00fcber die <strong>Modesch\u00f6pferin Else Oppler<\/strong>, <strong>die f\u00fcr Frauen bequeme Kleidung kreierte<\/strong><\/span> &#8230; h\u00f6ren m\u00f6chten<br \/>\n<a href=\"https:\/\/www.br.de\/nachrichten\/bayern\/reformkleider-wie-eine-nuernbergerin-die-damenmode-erneuerte,U6Kvmfp\" target=\"_blank\" rel=\"noopener\">https:\/\/www.br.de\/nachrichten\/bayern\/reformkleider-wie-eine-nuernbergerin-die-damenmode-erneuerte,U6Kvmfp<\/a><br \/>\nBuch dazu: Frauen in der Einen Welt, Autorin Dr. Gaby Franger<br \/>\n<span style=\"color: #b2167f;\"><em>Else Oppler. Eine au\u00dfergew\u00f6hnliche K\u00fcnstlerin 1875-1965<\/em><\/span><\/p>\n<p><em><strong><span style=\"color: #b201b8;\">Eine Frage der Haltung<\/span><\/strong><\/em><br \/>\n<span style=\"color: #b201b8;\">(Beitrag von Alexandra Foghammar in N\u00fcrnberg Heute Juli 2022)<br \/>\n<\/span>Frauen sind in der \u00dcberzahl, aber in Sachen Gleichberechtigung gibt es Nachholbedarf. Immer noch. Ob Schulsprecherin, Stadtplanerin oder Expertin f\u00fcr Dessous: <span style=\"color: #b2167f;\">f\u00fcnf Frauen sprechen \u00fcber Genderdiskussion, gesch\u00fctzte R\u00e4ume, alte Rollenmuster und den passenden BH.<\/span><br \/>\n<a href=\"https:\/\/www.frauen-in-nuernberg.de\/wp-content\/uploads\/2022\/08\/2022nh111_starke_frauen.pdf\" target=\"_blank\" rel=\"noopener\">2022nh111_starke_frauen<\/a><\/p>\n<p><strong><span style=\"color: #7e1587;\"><em><span style=\"color: #b2167f;\"><br \/>\nKeine Atempause, Frauengeschichte wird gemacht!<\/span><\/em><\/span><\/strong><br \/>\n<a href=\"http:\/\/bennewitz-frauengeschichte.de\" target=\"_blank\" rel=\"noopener\">http:\/\/bennewitz-frauengeschichte.de<\/a><span lang=\"de-DE\">\u00a0<\/span><\/p>\n<p><span style=\"color: #b2167f;\"><strong>\u201eZwischenf\u00e4lle. Die beunruhigende Aktualit\u00e4t der Vergangenheit\u201c<\/strong><\/span><br \/>\n<strong>Immer spannende Themen liefert:<\/strong><br \/>\n<span style=\"color: #b201b8;\">Die bekannte Sendereihe <\/span><span style=\"color: #b201b8;\">Radio Z <\/span><span style=\"color: #b201b8;\">von und mit Nadja Bennewitz, Historikerin M.A.<\/span>\u00a0 steht im Internet zur Verf\u00fcgung.<br \/>\n<strong><span style=\"color: #b201b8;\">Immer interessant, wissenwert und erfr\u00e4ulich jederzeit abrufbar <\/span>sind alle Radiosendungen <em>Zwischenf\u00e4lle &#8211; H\u00f6rgeschichte auf Radio Z<\/em><br \/>\nunter <\/strong><a href=\"https:\/\/zwischenfaelle.radio-z.net\/\" target=\"_blank\" rel=\"noopener\">https:\/\/zwischenfaelle.radio-z.net\/<\/a> oder <a href=\"http:\/\/bennewitz-frauengeschichte.de\/zwischenfaelle-radio-hoergeschichte\/\" target=\"_blank\" rel=\"noopener\">http:\/\/bennewitz-frauengeschichte.de\/zwischenfaelle-radio-hoergeschichte\/<\/a><br \/>\n<span style=\"color: #b201b8;\">Eine ganze Reihe informativ-spannender Berichte zur Frauengeschichte &#8211; <strong>es lohnt sich reinzuh\u00f6ren!<\/strong><\/span><\/p>\n<p><strong>Nadja Bennewitz \u2013 aktuell:<\/strong><br \/>\n<a href=\"https:\/\/www.medienwerkstatt-franken.de\/video\/vom-kaempfen-und-schaffen\/\" target=\"_blank\" rel=\"noopener\">https:\/\/www.medienwerkstatt-franken.de\/video\/vom-kaempfen-und-schaffen\/<\/a><\/p>\n<p><span style=\"color: #b2167f;\"><strong><br \/>\nPoet*innen-Koffer &#8211; Wunderbar zum reinschauen, h\u00f6ren, erfreuen<\/strong> und <strong>entspannen:<\/strong><\/span><br \/>\n<strong>Frauengeschichten<\/strong> und Gedichte beim <strong>Poet*innen-Koffer, <\/strong>vorgetragen von <span style=\"color: #b2167f;\">Andrea Gerhard<\/span> (Schauspielerin, Kofferfabrik F\u00fcrth).<br \/>\n<a href=\"https:\/\/youtu.be\/U5NUD_H6mU0\" target=\"_blank\" rel=\"noopener\">https:\/\/youtu.be\/U5NUD_H6mU0<\/a><\/p>\n<p><strong><br \/>\nAudiofeature<\/strong> von <strong><span style=\"color: #b2167f;\">dick und d\u00fcnn N\u00fcrnberg e.V., Fachberatung bei Essst\u00f6rungen:<\/span><\/strong><br \/>\nEin medialer Einblick in die Gedankenwelt von Betroffenen einer Essst\u00f6rung, basierend auf Inhalten aus einer Gespr\u00e4chsrunde und aus Beratungen.<br \/>\n<strong>Sprecher*innen:<\/strong> Andrea Gerhard, Martha Unterhofer, Varvara Imas und Jonathan Gerhard, <strong>Produktion:<\/strong> Agentur Region Five<br \/>\n<a href=\"https:\/\/essstoerungen-mittelfranken.de\/essst%C3%B6rungen-erkennen.html\" target=\"_blank\" rel=\"noopener\">https:\/\/essstoerungen-mittelfranken.de\/essst%C3%B6rungen-erkennen.html<\/a><\/p>\n<p style=\"text-align: center;\"><strong><span style=\"color: #b2167f;\"><br \/>\nBleibt frohgemut &#8211; wir sehen uns!<\/span><\/strong><\/p>\n","protected":false},"excerpt":{"rendered":"<p>\u00a0\u00a0\u00a0\u00a0\u00a0\u00a0\u00a0 Frauenpower und Zuversicht ist unsere St\u00e4rke! Dabei soll es bleiben mit vielen anregenden Angeboten von Frauen f\u00fcr Frauen auch in 2026! Schauen wir voll Hoffnung in die Zukunft ! Unsere Gedanken sind weiterhin bei all den Menschen, die unsere Solidarit\u00e4t und unsere Liebe brauchen. Mai 2026 &#8211; Vormerken und Dabeisein Mo 18.05.2026, 19:00 Uhr &hellip; <a href=\"https:\/\/www.frauen-in-nuernberg.de\/?page_id=14\" class=\"more-link\"><span class=\"screen-reader-text\">Termine<\/span> weiterlesen<\/a><\/p>\n","protected":false},"author":1,"featured_media":0,"parent":0,"menu_order":0,"comment_status":"closed","ping_status":"closed","template":"","meta":{"footnotes":""},"class_list":["post-14","page","type-page","status-publish","hentry"],"_links":{"self":[{"href":"https:\/\/www.frauen-in-nuernberg.de\/index.php?rest_route=\/wp\/v2\/pages\/14","targetHints":{"allow":["GET"]}}],"collection":[{"href":"https:\/\/www.frauen-in-nuernberg.de\/index.php?rest_route=\/wp\/v2\/pages"}],"about":[{"href":"https:\/\/www.frauen-in-nuernberg.de\/index.php?rest_route=\/wp\/v2\/types\/page"}],"author":[{"embeddable":true,"href":"https:\/\/www.frauen-in-nuernberg.de\/index.php?rest_route=\/wp\/v2\/users\/1"}],"replies":[{"embeddable":true,"href":"https:\/\/www.frauen-in-nuernberg.de\/index.php?rest_route=%2Fwp%2Fv2%2Fcomments&post=14"}],"version-history":[{"count":1288,"href":"https:\/\/www.frauen-in-nuernberg.de\/index.php?rest_route=\/wp\/v2\/pages\/14\/revisions"}],"predecessor-version":[{"id":2448,"href":"https:\/\/www.frauen-in-nuernberg.de\/index.php?rest_route=\/wp\/v2\/pages\/14\/revisions\/2448"}],"wp:attachment":[{"href":"https:\/\/www.frauen-in-nuernberg.de\/index.php?rest_route=%2Fwp%2Fv2%2Fmedia&parent=14"}],"curies":[{"name":"wp","href":"https:\/\/api.w.org\/{rel}","templated":true}]}}